{"id":10,"date":"2016-05-02T13:36:03","date_gmt":"2016-05-02T13:36:03","guid":{"rendered":"http:\/\/eu-strat.eu\/?page_id=10"},"modified":"2018-04-04T04:50:52","modified_gmt":"2018-04-04T04:50:52","slug":"partners","status":"publish","type":"page","link":"http:\/\/eu-strat.eu\/?page_id=10","title":{"rendered":"Partner institutions"},"content":{"rendered":"<p>&nbsp;<\/p>\n<p><iframe loading=\"lazy\" src=\"https:\/\/www.google.com\/maps\/d\/embed?mid=1fL9bVxY7SNZpmgRJ_ndMdy_VF4o\" width=\"886\" height=\"480\"><\/iframe><\/p>\n<p>&nbsp;<\/p>\n<table style=\"border: 1px solid #ffffff;\" border=\"0\" width=\"886\" cellspacing=\"0\" cellpadding=\"0\">\n<tbody>\n<tr>\n<td style=\"border: 1px solid #ffffff;\"><img decoding=\"async\" loading=\"lazy\" class=\"size-full wp-image-29 alignleft\" src=\"http:\/\/eu-strat.eu\/wp-content\/uploads\/2016\/05\/fu_logo.gif\" alt=\"fu_logo\" width=\"195\" height=\"80\" \/><\/td>\n<td style=\"border: 1px solid #ffffff;\">\n<div class=\"views-field views-field-title\"><strong>Freie Universit\u00e4t Berlin (FUB) (coordinating institution)<\/strong><\/div>\n<div class=\"views-field views-field-field-personal-function\">\n<div class=\"field-content\">Team leader:<\/div>\n<\/div>\n<div class=\"views-field views-field-nothing\"><a href=\"http:\/\/www.polsoz.fu-berlin.de\/en\/polwiss\/forschung\/international\/europa\/team\/boerzel\/\"><span class=\"field-content\"><span class=\"field-content\">Prof. Dr.\u00a0<\/span><\/span><span class=\"first-name\">Tanja<\/span> <span class=\"last-name\">A. B\u00f6rzel<\/span><\/a><\/div>\n<div class=\"views-field views-field-nothing\">Team:<\/div>\n<div class=\"views-field views-field-nothing\"><a href=\"http:\/\/www.polsoz.fu-berlin.de\/en\/polwiss\/forschung\/international\/europa\/team\/mitarbeiter\/langbein\/\" target=\"_blank\" rel=\"noopener noreferrer\">Dr. Julia Langbein<\/a><\/div>\n<div class=\"views-field views-field-nothing\"><a href=\"http:\/\/www.polsoz.fu-berlin.de\/en\/polwiss\/forschung\/international\/europa\/team\/mitarbeiter\/kreutz\/index.html\" target=\"_blank\" rel=\"noopener noreferrer\">Kaja Kreutz<\/a><\/div>\n<div class=\"views-field views-field-nothing\"><a href=\"http:\/\/www.polsoz.fu-berlin.de\/en\/polwiss\/forschung\/international\/europa\/team\/mitarbeiter\/Shea\/index.html\">Elyssa Shea<\/a><\/div>\n<div class=\"views-field views-field-nothing\"><a href=\"http:\/\/www.polsoz.fu-berlin.de\/polwiss\/forschung\/international\/europa\/team\/mitarbeiter\/Alander\/index.html\">Minna \u00c5lander<\/a> (student assistant)<\/div>\n<div class=\"views-field views-field-nothing\"><a href=\"http:\/\/www.polsoz.fu-berlin.de\/polwiss\/forschung\/international\/europa\/team\/mitarbeiter\/Pfaffernoschke\/index.html\">Sarah Pfaffernoschke<\/a> (student assistant)<\/div>\n<div class=\"views-field views-field-nothing\"><a href=\"http:\/\/eu-strat.eu\/?page_id=10\">Dr. Esther Ademmer<\/a> (associated fellow<i>)<\/i><\/div>\n<div class=\"views-field views-field-nothing\"><\/div>\n<\/td>\n<\/tr>\n<tr>\n<td style=\"border: 1px solid #ffffff;\"><img decoding=\"async\" loading=\"lazy\" class=\" wp-image-32 alignleft\" src=\"http:\/\/eu-strat.eu\/wp-content\/uploads\/2016\/05\/logo-lei-campusdenhaag-cmyk.jpg\" alt=\"logo-lei-campusdenhaag-cmyk\" width=\"212\" height=\"87\" \/><\/td>\n<td style=\"border: 1px solid #ffffff;\">\n<div class=\"views-field views-field-title\"><span style=\"font-family: inherit; font-size: inherit; line-height: 1.5;\"><strong>Leiden University (UL) (co-coordinating institution)<\/strong><br \/>\nTeam leader:<\/span><\/div>\n<div class=\"views-field views-field-nothing\">\n<div class=\"addressfield-container-inline name-block\"><a href=\"http:\/\/campusdenhaag.leiden.edu\/publicadministration\/organisation\/faculty-staff\/dimitrova.html\"><span class=\"first-name\">Dr. Antoaneta<\/span> <span class=\"last-name\">Dimitrova<\/span><\/a><\/div>\n<div class=\"addressfield-container-inline name-block\">Team:<br \/>\n<a href=\"http:\/\/www.dimiter.eu\" target=\"_blank\" rel=\"noopener noreferrer\">Dr. Dimiter Toshkov<\/a><\/div>\n<div class=\"addressfield-container-inline name-block\"><a href=\"https:\/\/www.universiteitleiden.nl\/en\/staffmembers\/matthew-frear\" target=\"_blank\" rel=\"noopener noreferrer\">Dr. Matthew Frear<\/a><\/div>\n<div class=\"addressfield-container-inline name-block\"><a href=\"https:\/\/www.universiteitleiden.nl\/en\/staffmembers\/honorata-mazepus\" target=\"_blank\" rel=\"noopener noreferrer\">Dr. Honorata Mazepus<\/a><\/div>\n<div class=\"addressfield-container-inline name-block\"><\/div>\n<\/div>\n<\/td>\n<\/tr>\n<tr>\n<td style=\"border: 1px solid #ffffff;\">\u00a0<img decoding=\"async\" loading=\"lazy\" class=\"alignnone wp-image-55\" src=\"http:\/\/eu-strat.eu\/wp-content\/uploads\/2016\/05\/logofondation-300x159.png\" alt=\"logofondation\" width=\"185\" height=\"98\" srcset=\"http:\/\/eu-strat.eu\/wp-content\/uploads\/2016\/05\/logofondation-300x159.png 300w, http:\/\/eu-strat.eu\/wp-content\/uploads\/2016\/05\/logofondation.png 480w\" sizes=\"(max-width: 185px) 100vw, 185px\" \/><\/td>\n<td style=\"border: 1px solid #ffffff;\"><strong>Fondation Maison des sciences de l&#8217;homme (FMSH)<br \/>\n<\/strong>Team Leader:<br \/>\n<a href=\"https:\/\/msh-paris.academia.edu\/LaureDelcour\">Dr. Laure Delcour<\/a><br \/>\nTeam:<br \/>\n<a href=\"http:\/\/cetobac.ehess.fr\/index.php?278\">Dr. Sylvie Gangloff<\/a><\/td>\n<\/tr>\n<tr>\n<td style=\"border: 1px solid #ffffff;\">\u00a0<img decoding=\"async\" loading=\"lazy\" class=\"alignnone wp-image-56\" src=\"http:\/\/eu-strat.eu\/wp-content\/uploads\/2016\/05\/vilniaus-300x300.jpg\" alt=\"vilniaus\" width=\"125\" height=\"125\" srcset=\"http:\/\/eu-strat.eu\/wp-content\/uploads\/2016\/05\/vilniaus-300x300.jpg 300w, http:\/\/eu-strat.eu\/wp-content\/uploads\/2016\/05\/vilniaus-150x150.jpg 150w, http:\/\/eu-strat.eu\/wp-content\/uploads\/2016\/05\/vilniaus-768x768.jpg 768w, http:\/\/eu-strat.eu\/wp-content\/uploads\/2016\/05\/vilniaus-750x750.jpg 750w, http:\/\/eu-strat.eu\/wp-content\/uploads\/2016\/05\/vilniaus.jpg 850w\" sizes=\"(max-width: 125px) 100vw, 125px\" \/><img decoding=\"async\" loading=\"lazy\" class=\"alignnone wp-image-274\" src=\"http:\/\/eu-strat.eu\/wp-content\/uploads\/2016\/05\/pilnas-logo-EN-copy-300x70.jpg\" alt=\"pilnas logo EN copy\" width=\"304\" height=\"71\" srcset=\"http:\/\/eu-strat.eu\/wp-content\/uploads\/2016\/05\/pilnas-logo-EN-copy-300x70.jpg 300w, http:\/\/eu-strat.eu\/wp-content\/uploads\/2016\/05\/pilnas-logo-EN-copy-768x179.jpg 768w, http:\/\/eu-strat.eu\/wp-content\/uploads\/2016\/05\/pilnas-logo-EN-copy-1024x238.jpg 1024w, http:\/\/eu-strat.eu\/wp-content\/uploads\/2016\/05\/pilnas-logo-EN-copy-750x175.jpg 750w, http:\/\/eu-strat.eu\/wp-content\/uploads\/2016\/05\/pilnas-logo-EN-copy.jpg 1521w\" sizes=\"(max-width: 304px) 100vw, 304px\" \/><\/td>\n<td style=\"border: 1px solid #ffffff;\"><strong>Institute of International Relations and Political Science, Vilnius University (VU)<br \/>\n<\/strong>Team leader:<br \/>\nProf. Ram\u016bnas Vilpi\u0161auskas<br \/>\nTeam:<br \/>\n<a href=\"http:\/\/www.tspmi.vu.lt\/en\/institute\/lets-communicate\/academic-staff\/dovile-jakniunaite-32\">Dr. Dovil\u0117 Jakni\u016bnait\u0117<br \/>\n<\/a><a href=\"https:\/\/balticscholars.stanford.edu\/?page_id=457\" target=\"_blank\" rel=\"noopener noreferrer\">Dr. Margarita \u0160e\u0161elgyt\u0117<br \/>\n<\/a><a href=\"http:\/\/www.tspmi.vu.lt\/en\/institute\/lets-communicate\/academic-staff\/laurynas-jonavicius-36\" target=\"_blank\" rel=\"noopener noreferrer\">Dr. Laurynas Jonavi\u010dius<\/a><br \/>\n<a href=\"egle.kontvaine@tspmi.vu.lt\" target=\"_blank\" rel=\"noopener noreferrer\">Egl\u0117 Kontvain\u0117<\/a> (administrative staff)<br \/>\nVilius Ma\u010dkinis (administrative staff)<\/td>\n<\/tr>\n<tr>\n<td style=\"border: 1px solid #ffffff;\">\u00a0<img decoding=\"async\" loading=\"lazy\" class=\"alignnone size-full wp-image-62\" src=\"http:\/\/eu-strat.eu\/wp-content\/uploads\/2016\/05\/uipp-3.png\" alt=\"uipp 3\" width=\"200\" height=\"91\" \/><\/td>\n<td style=\"border: 1px solid #ffffff;\"><strong>Ukrainian Institute for Public Policy (UIPP)<br \/>\n<\/strong>Team leader:<br \/>\n<a href=\"http:\/\/uipp.org.ua\/en\/komanda\/ildar-gazizullin.html\">Mr. Ildar\u00a0Gazizullin<\/a><\/td>\n<\/tr>\n<tr>\n<td style=\"border: 1px solid #ffffff;\">\u00a0<img decoding=\"async\" loading=\"lazy\" class=\"alignnone size-medium wp-image-64\" src=\"http:\/\/eu-strat.eu\/wp-content\/uploads\/2016\/05\/university-of-st-gallen-300x65.jpg\" alt=\"university of st gallen\" width=\"300\" height=\"65\" srcset=\"http:\/\/eu-strat.eu\/wp-content\/uploads\/2016\/05\/university-of-st-gallen-300x65.jpg 300w, http:\/\/eu-strat.eu\/wp-content\/uploads\/2016\/05\/university-of-st-gallen.jpg 464w\" sizes=\"(max-width: 300px) 100vw, 300px\" \/><\/td>\n<td style=\"border: 1px solid #ffffff;\"><strong>University of St. Gallen<br \/>\n<\/strong>Team leader:<br \/>\n<a href=\"https:\/\/www.unisg.ch\/en\/personenverzeichnis\/98d214fc-d100-48fe-ad50-3297ac18425e.aspx\">Prof. Dirk Lehmkuhl<\/a><br \/>\nTeam:<br \/>\n<a href=\"https:\/\/gce.unisg.ch\/en\/personenverzeichnis\/2d9f00ae-9016-4bb7-813b-91f69ee0e381\">Dr. Katharina\u00a0Hoffmann<\/a><a href=\"http:\/\/www.gce.unisg.ch\/en\/ueberuns\/personengalerie\/assistierende?person=2d9f00ae-9016-4bb7-813b-91f69ee0e381&amp;name=Katharina_Hoffmann\"><br \/>\n<\/a><a href=\"https:\/\/gce.unisg.ch\/en\/personenverzeichnis\/43dedfb5-04e9-487a-be81-3fac0c175414\">Dr. Ole Frahm<\/a><\/td>\n<\/tr>\n<tr>\n<td style=\"border: 1px solid #ffffff;\">\u00a0<img decoding=\"async\" loading=\"lazy\" class=\"alignnone wp-image-66\" src=\"http:\/\/eu-strat.eu\/wp-content\/uploads\/2016\/05\/osw-300x117.jpg\" alt=\"osw\" width=\"210\" height=\"82\" srcset=\"http:\/\/eu-strat.eu\/wp-content\/uploads\/2016\/05\/osw-300x117.jpg 300w, http:\/\/eu-strat.eu\/wp-content\/uploads\/2016\/05\/osw.jpg 566w\" sizes=\"(max-width: 210px) 100vw, 210px\" \/><\/td>\n<td style=\"border: 1px solid #ffffff;\"><strong>Centre for Eastern Studies (OSW)<\/strong><br \/>\nTeam leader:<br \/>\n<a href=\"https:\/\/www.osw.waw.pl\/en\/eksperci\/marta-jaroszewicz\">Dr. Marta Jaroszewicz\u00a0<\/a><br \/>\nTeam:<br \/>\n<a href=\"http:\/\/www.osw.waw.pl\/en\/eksperci\/adam-eberhardt\">Dr. Adam Eberhardt\u00a0<\/a><br \/>\n<a href=\"http:\/\/www.osw.waw.pl\/en\/eksperci\/szymon-kardas\">Dr.\u00a0Szymon Kardas<\/a><br \/>\n<a href=\"http:\/\/www.osw.waw.pl\/en\/eksperci\/marcin-kaczmarski\">Dr.\u00a0Marcin Kaczmarski<br \/>\n<\/a><a href=\"https:\/\/www.osw.waw.pl\/en\/eksperci\/kamil-calus\" target=\"_blank\" rel=\"noopener noreferrer\">Kamil Ca\u0142us<br \/>\n<\/a><a href=\"https:\/\/www.osw.waw.pl\/en\/eksperci\/tadeusz-iwanski\">Tadeusz Iwa\u0144ski<\/a><br \/>\n<a href=\"https:\/\/www.osw.waw.pl\/en\/eksperci\/kamil-klysinski\">Kamil K\u0142ysi\u0144ski<\/a><\/td>\n<\/tr>\n<tr>\n<td style=\"border: 1px solid #ffffff;\">\u00a0<img decoding=\"async\" loading=\"lazy\" class=\"alignnone wp-image-67\" src=\"http:\/\/eu-strat.eu\/wp-content\/uploads\/2016\/05\/estep.png\" alt=\"estep\" width=\"229\" height=\"77\" \/><\/td>\n<td style=\"border: 1px solid #ffffff;\"><strong>European Social, Legal and Economic Projects (ESTEP)<\/strong><br \/>\nTeam leader:<br \/>\n<a href=\"http:\/\/www.estep.lt\/index.php?id=695\">Dr.\u00a0Klaudijus\u00a0Maniokas<\/a><br \/>\nTeam:<br \/>\n<a href=\"http:\/\/www.estep.lt\/index.php?id=695\">Renata\u00a0Pakalnyt\u0117<br \/>\n<\/a>Darius \u017deruolis<\/td>\n<\/tr>\n<tr>\n<td style=\"border: 1px solid #ffffff;\">\u00a0<img decoding=\"async\" loading=\"lazy\" class=\"alignnone size-full wp-image-68\" src=\"http:\/\/eu-strat.eu\/wp-content\/uploads\/2016\/05\/schoolof.png\" alt=\"schoolof\" width=\"113\" height=\"99\" \/><\/td>\n<td style=\"border: 1px solid #ffffff;\"><strong>The S<\/strong><strong>chool of Young Managers in Public Administration (Sympa)<br \/>\n<\/strong>Team leader:<br \/>\n<a href=\"http:\/\/www.sympa-by.eu\/en\/users\/ramasheuskaya-inna\" target=\"_blank\" rel=\"noopener noreferrer\">Ms. Ina\u00a0Ramasheuskaya<br \/>\n<\/a>Team:<a href=\"http:\/\/sympa-by.eu\/en\/users\/chulitskaya-tatiana\" target=\"_blank\" rel=\"noopener noreferrer\"><br \/>\nDr. Tatsiana Chulitskaya<br \/>\n<\/a><\/td>\n<\/tr>\n<tr>\n<td style=\"border: 1px solid #ffffff;\">\u00a0<img decoding=\"async\" loading=\"lazy\" class=\"alignnone wp-image-70\" src=\"http:\/\/eu-strat.eu\/wp-content\/uploads\/2016\/05\/idis-300x300.jpg\" alt=\"idis\" width=\"105\" height=\"105\" srcset=\"http:\/\/eu-strat.eu\/wp-content\/uploads\/2016\/05\/idis-300x300.jpg 300w, http:\/\/eu-strat.eu\/wp-content\/uploads\/2016\/05\/idis-150x150.jpg 150w, http:\/\/eu-strat.eu\/wp-content\/uploads\/2016\/05\/idis.jpg 513w\" sizes=\"(max-width: 105px) 100vw, 105px\" \/><\/td>\n<td style=\"border: 1px solid #ffffff;\"><strong>Institute for Development and Social Initiatives (IDIS Viitorul)<br \/>\n<\/strong>Team leader:<br \/>\n<a href=\"http:\/\/www.viitorul.org\/expertview.php?l=en&amp;idc=364&amp;id=162&amp;t=\/IDIS-EXPERTS\/MUNTEANU-Igor\">Dr. Igor Munteanu<\/a><\/td>\n<\/tr>\n<tr>\n<td style=\"border: 1px solid #ffffff;\">\u00a0<img decoding=\"async\" loading=\"lazy\" class=\"alignnone wp-image-72\" src=\"http:\/\/eu-strat.eu\/wp-content\/uploads\/2016\/05\/UoB_logo-300x266.jpg\" alt=\"UoB_logo\" width=\"106\" height=\"94\" srcset=\"http:\/\/eu-strat.eu\/wp-content\/uploads\/2016\/05\/UoB_logo-300x266.jpg 300w, http:\/\/eu-strat.eu\/wp-content\/uploads\/2016\/05\/UoB_logo.jpg 578w\" sizes=\"(max-width: 106px) 100vw, 106px\" \/><\/td>\n<td style=\"border: 1px solid #ffffff;\"><strong>University of Birmingham (UoB)<br \/>\n<\/strong>Team leader:<br \/>\n<a href=\"http:\/\/www.birmingham.ac.uk\/schools\/law\/staff\/profile.aspx?ReferenceId=44752\" target=\"_blank\" rel=\"noopener noreferrer\">Dr. Rilka Dragneva<\/a><br \/>\nTeam:<br \/>\n<a href=\"http:\/\/www.birmingham.ac.uk\/schools\/government-society\/departments\/political-science-international-studies\/staff\/profiles\/wolczuk-kataryna.aspx\" target=\"_blank\" rel=\"noopener noreferrer\">Dr.\u00a0Kataryna\u00a0Wolczuk<\/a><br \/>\nMr. Xavier Rodde<\/td>\n<\/tr>\n<\/tbody>\n<\/table>\n<p>&nbsp;<\/p>\n","protected":false},"excerpt":{"rendered":"<p>&nbsp; &nbsp; Freie Universit\u00e4t Berlin (FUB) (coordinating institution) Team leader: Prof. Dr.\u00a0Tanja A. B\u00f6rzel Team: Dr. Julia Langbein Kaja Kreutz Elyssa Shea Minna \u00c5lander (student assistant) Sarah Pfaffernoschke (student assistant) Dr. Esther Ademmer (associated fellow) Leiden University (UL) (co-coordinating institution) Team leader: Dr. Antoaneta Dimitrova Team: Dr. Dimiter Toshkov Dr. Matthew Frear Dr. Honorata Mazepus&hellip;<a href=\"http:\/\/eu-strat.eu\/?page_id=10\" class=\"more-link\">Continue reading <span class=\"screen-reader-text\">Partner institutions<\/span><\/a><\/p>\n","protected":false},"author":1,"featured_media":0,"parent":0,"menu_order":0,"comment_status":"closed","ping_status":"closed","template":"","meta":[],"_links":{"self":[{"href":"http:\/\/eu-strat.eu\/index.php?rest_route=\/wp\/v2\/pages\/10"}],"collection":[{"href":"http:\/\/eu-strat.eu\/index.php?rest_route=\/wp\/v2\/pages"}],"about":[{"href":"http:\/\/eu-strat.eu\/index.php?rest_route=\/wp\/v2\/types\/page"}],"author":[{"embeddable":true,"href":"http:\/\/eu-strat.eu\/index.php?rest_route=\/wp\/v2\/users\/1"}],"replies":[{"embeddable":true,"href":"http:\/\/eu-strat.eu\/index.php?rest_route=%2Fwp%2Fv2%2Fcomments&post=10"}],"version-history":[{"count":80,"href":"http:\/\/eu-strat.eu\/index.php?rest_route=\/wp\/v2\/pages\/10\/revisions"}],"predecessor-version":[{"id":809,"href":"http:\/\/eu-strat.eu\/index.php?rest_route=\/wp\/v2\/pages\/10\/revisions\/809"}],"wp:attachment":[{"href":"http:\/\/eu-strat.eu\/index.php?rest_route=%2Fwp%2Fv2%2Fmedia&parent=10"}],"curies":[{"name":"wp","href":"https:\/\/api.w.org\/{rel}","templated":true}]}}