{"id":1202,"date":"2019-03-22T11:25:01","date_gmt":"2019-03-22T11:25:01","guid":{"rendered":"http:\/\/eu-strat.eu\/?page_id=1202"},"modified":"2019-04-26T14:32:47","modified_gmt":"2019-04-26T14:32:47","slug":"voc-iv-external-players-in-the-eastern-partnership-united-states-russia-and-china","status":"publish","type":"page","link":"http:\/\/eu-strat.eu\/?page_id=1202","title":{"rendered":"VOC (IV) &#8211; External Players in the Eastern Partnership: United States, Russia and China"},"content":{"rendered":"\n<figure class=\"wp-block-embed-youtube wp-block-embed is-type-video is-provider-youtube wp-embed-aspect-16-9 wp-has-aspect-ratio\"><div class=\"wp-block-embed__wrapper\">\n<iframe loading=\"lazy\" title=\"Online Course (IV) - External Players in the Eastern Partnership: United States, Russia and China\" width=\"1040\" height=\"585\" src=\"https:\/\/www.youtube.com\/embed\/6kS_HdorZ6I?feature=oembed\" frameborder=\"0\" allow=\"accelerometer; autoplay; clipboard-write; encrypted-media; gyroscope; picture-in-picture; web-share\" allowfullscreen><\/iframe>\n<\/div><figcaption> <br>This video is presented by Dr. Margarita \u0160e\u0161elgyt\u0117, Associate professor at the Department of International Relations within the Institute of International Relations and Political Science of Vilnius University <\/figcaption><\/figure>\n\n\n\n<hr class=\"wp-block-separator\"\/>\n\n\n\n<h3><strong>Please select a topic: <\/strong><br><br><\/h3>\n\n\n\n<table class=\"wp-block-table is-style-stripes\"><tbody><tr><td>I    <\/td><td><a href=\"http:\/\/eu-strat.eu\/?page_id=1172\">Soft Power? How the EU communicates its policies in the Eastern neighbourhood <\/a><br><br>(<em>Professor Antoaneta Dimitrova<\/em>) <\/td><td><img decoding=\"async\" loading=\"lazy\" src=\"http:\/\/eu-strat.eu\/wp-content\/uploads\/2019\/03\/2_yt.jpg\" width=\"180\" height=\"102\"><\/td><\/tr><tr><td>II<\/td><td><a href=\"http:\/\/eu-strat.eu\/?page_id=1194\">Regional links of Eastern partnership countries with Russia and the EU <\/a><br><br>(<em>Dr. Laure Delcour<\/em>) <\/td><td><img decoding=\"async\" loading=\"lazy\" src=\"http:\/\/eu-strat.eu\/wp-content\/uploads\/2019\/03\/3_yt.jpg\" width=\"180\" height=\"102\"><\/td><\/tr><tr><td>III<\/td><td><a href=\"http:\/\/eu-strat.eu\/?page_id=1199\">State capacity and regime stability in Belarus and Ukraine<\/a><br><br>(<em>Dr. Honorata Mazepus<\/em>) <\/td><td><img decoding=\"async\" loading=\"lazy\" src=\"http:\/\/eu-strat.eu\/wp-content\/uploads\/2019\/03\/4_yt.jpg\" width=\"180\" height=\"102\"><\/td><\/tr><tr><td>IV<\/td><td><a href=\"http:\/\/eu-strat.eu\/?page_id=1202\">External Players in the Eastern Partnership: United States, Russia and China<\/a><br><br>(<em>Dr. Margarita \u0160e\u0161elgyt\u0117<\/em>) <\/td><td><img decoding=\"async\" loading=\"lazy\" src=\"http:\/\/eu-strat.eu\/wp-content\/uploads\/2019\/03\/5_yt.jpg\" width=\"180\" height=\"102\"><\/td><\/tr><tr><td>V<\/td><td><a href=\"http:\/\/eu-strat.eu\/?page_id=1206\">Engaging with the Eastern Neighbours: Enlargement, Association or Deliverables?<\/a><br><br>(<em>Dr. Matthew Frear<\/em>) <\/td><td><img decoding=\"async\" loading=\"lazy\" src=\"http:\/\/eu-strat.eu\/wp-content\/uploads\/2019\/03\/6_yt.jpg\" width=\"180\" height=\"102\"><\/td><\/tr><tr><td>VI<\/td><td><a href=\"http:\/\/eu-strat.eu\/?page_id=1208\">How does trade liberalization with the EU affect political &amp; economic opening in Ukraine? <\/a><br><br>(<em>Elyssa Shea<\/em>) <\/td><td><img decoding=\"async\" loading=\"lazy\" src=\"http:\/\/eu-strat.eu\/wp-content\/uploads\/2019\/03\/7_yt.jpg\" width=\"180\" height=\"102\"><\/td><\/tr><tr><td>VII<\/td><td><a href=\"http:\/\/eu-strat.eu\/?page_id=1210\">The Challenges of Implementing Association Agreements <\/a><br><br>(<em>Professor Rilka Dragneva<\/em>) <\/td><td><img decoding=\"async\" loading=\"lazy\" src=\"http:\/\/eu-strat.eu\/wp-content\/uploads\/2019\/03\/8_yt.jpg\" width=\"180\" height=\"102\"><\/td><\/tr><tr><td>VIII<\/td><td><a href=\"http:\/\/eu-strat.eu\/?page_id=1212\">Making Science Policy in the Eastern Partnership: Can the EU help? <\/a><br><br>(<em>Natallia Rabava<\/em>) <\/td><td><img decoding=\"async\" loading=\"lazy\" src=\"http:\/\/eu-strat.eu\/wp-content\/uploads\/2019\/03\/9_yt.jpg\" width=\"180\" height=\"102\"><\/td><\/tr><tr><td>IX<\/td><td><a href=\"http:\/\/eu-strat.eu\/?page_id=1471\">How does Turkey impact stability and change in its post-Soviet neighbourhood?<\/a><br><br>(<em>Dr. Ole Frahm &amp; Dr. Katharina Hoffmann<\/em>)<\/td><td><img decoding=\"async\" loading=\"lazy\" src=\"http:\/\/eu-strat.eu\/wp-content\/uploads\/2019\/04\/123-2.png\" width=\"180\" height=\"102\"><\/td><\/tr><\/tbody><\/table>\n","protected":false},"excerpt":{"rendered":"","protected":false},"author":10,"featured_media":0,"parent":20,"menu_order":0,"comment_status":"closed","ping_status":"closed","template":"page_fullwidth.php","meta":[],"_links":{"self":[{"href":"http:\/\/eu-strat.eu\/index.php?rest_route=\/wp\/v2\/pages\/1202"}],"collection":[{"href":"http:\/\/eu-strat.eu\/index.php?rest_route=\/wp\/v2\/pages"}],"about":[{"href":"http:\/\/eu-strat.eu\/index.php?rest_route=\/wp\/v2\/types\/page"}],"author":[{"embeddable":true,"href":"http:\/\/eu-strat.eu\/index.php?rest_route=\/wp\/v2\/users\/10"}],"replies":[{"embeddable":true,"href":"http:\/\/eu-strat.eu\/index.php?rest_route=%2Fwp%2Fv2%2Fcomments&post=1202"}],"version-history":[{"count":4,"href":"http:\/\/eu-strat.eu\/index.php?rest_route=\/wp\/v2\/pages\/1202\/revisions"}],"predecessor-version":[{"id":1483,"href":"http:\/\/eu-strat.eu\/index.php?rest_route=\/wp\/v2\/pages\/1202\/revisions\/1483"}],"up":[{"embeddable":true,"href":"http:\/\/eu-strat.eu\/index.php?rest_route=\/wp\/v2\/pages\/20"}],"wp:attachment":[{"href":"http:\/\/eu-strat.eu\/index.php?rest_route=%2Fwp%2Fv2%2Fmedia&parent=1202"}],"curies":[{"name":"wp","href":"https:\/\/api.w.org\/{rel}","templated":true}]}}