{"id":14,"date":"2016-05-02T13:37:18","date_gmt":"2016-05-02T13:37:18","guid":{"rendered":"http:\/\/eu-strat.eu\/?page_id=14"},"modified":"2019-05-17T10:27:56","modified_gmt":"2019-05-17T10:27:56","slug":"working-papers","status":"publish","type":"page","link":"http:\/\/eu-strat.eu\/?page_id=14","title":{"rendered":"Working papers"},"content":{"rendered":"<h3>Working Paper No.18\u00a0 (2019)<\/h3>\n<h4 style=\"padding-left: 40px;\"><strong><a href=\"http:\/\/eu-strat.eu\/wp-content\/uploads\/2019\/04\/EU-STRAT-Working-Paper-No.-18_1.pdf\">Political Economy of Law Harmonization in EaP Countries: Informal Adjustment of Association?<\/a><\/strong><\/h4>\n<p><strong>Authors:<\/strong>\u00a0<em>Klaudijus Maniokas, Laure Delcour, Ildar Gazizulin, Veaceslav Berbeca, Ion Muntean, and Igor Munteanu<\/em><\/p>\n<hr \/>\n<h3>Working Paper No.17 (2019)<\/h3>\n<h4 style=\"padding-left: 40px;\"><strong><a href=\"http:\/\/eu-strat.eu\/wp-content\/uploads\/2019\/04\/EU-STRAT-Working-Paper-No.-17.pdf\">The effects of China\u2019s economic expansion on Eastern Partnership countries<\/a><\/strong><\/h4>\n<p><strong>Authors: <\/strong><br \/>\n<em>Marcin Kaczmarski, Jakub Jak\u00f3bowski, and Szymon Karda\u015b<br \/>\n<\/em><\/p>\n<hr \/>\n<h3><strong>Working Paper No.16 (2019)<\/strong><\/h3>\n<h4 style=\"padding-left: 30px;\"><strong><a href=\"http:\/\/eu-strat.eu\/wp-content\/uploads\/2019\/03\/EU-STRAT-Working-Paper-No.-16.pdf\">Russian Interests, Strategies, and Instruments in the Common Neighbourhood<\/a><br \/>\n<\/strong><\/h4>\n<p><strong>Authors:<br \/>\n<\/strong><em>Laurynas Jonavicius, Laure Delcour, Rilka Dragneva and Kataryna Wolczuk<\/em><\/p>\n<hr \/>\n<h3><strong>Working Paper No.15 (2019)<\/strong><\/h3>\n<h4 style=\"padding-left: 30px;\"><strong><a href=\"http:\/\/eu-strat.eu\/wp-content\/uploads\/2019\/03\/EU-STRAT-Working-Paper-No.-15_Final-Version.pdf\">Effects of Limited Access Orders on Science Policy and Scientific Cooperation<\/a><\/strong><\/h4>\n<p><strong>Authors:<br \/>\n<\/strong><em>Dimiter Toshkov, Honorata Mazepus, Tatsiana Chulitskaya, Ina Ramasheuskaya, and Natallia Rabava<\/em><\/p>\n<hr \/>\n<h3><strong>Working Paper No.14 (2019)<\/strong><\/h3>\n<h4 style=\"padding-left: 30px;\"><strong><a href=\"http:\/\/eu-strat.eu\/wp-content\/uploads\/2019\/01\/EU-STRAT-Working-Paper-No.-14.pdf\">Strategies and Approaches of International Financial Institutions towards Eastern Partnership Countries<\/a><\/strong><\/h4>\n<p><strong>Author:<br \/>\n<\/strong><em>Ram\u016bnas Vilpi\u0161auskas<\/em><\/p>\n<hr \/>\n<h3><strong>Working Paper No.13 (2018)<\/strong><\/h3>\n<p style=\"padding-left: 30px;\"><strong><a href=\"http:\/\/eu-strat.eu\/wp-content\/uploads\/2019\/01\/EU-STRAT-Working-Paper-No.-13.pdf\">Turkey and the Eastern Partnership: Turkey\u2019s Foreign Policy Towards its Post-Soviet Black Sea Neighbourhood<\/a><\/strong><\/p>\n<p><strong>Authors:<br \/>\n<\/strong><em>Ole Frahm, Katharina Hoffmann, Dirk Lehmkuhl<\/em><\/p>\n<hr \/>\n<h3><strong>Working Paper No.12 (2018)<\/strong><\/h3>\n<h4 style=\"padding-left: 30px;\"><a href=\"http:\/\/eu-strat.eu\/wp-content\/uploads\/2018\/08\/EU-STRAT-Working-Paper-No.-12.pdf\">Statehood, State Capacity and Limited Access Orders: Comparing Belarus and Ukraine<\/a><\/h4>\n<p><strong>Authors:<br \/>\n<\/strong><em>Antoaneta Dimitrova, Dimiter Toshkov, Honorata Mazepus, Klaudijus Maniokas, Maxim Boroda, Tatsiana Chulitskaya, Oleg Grytsenko, Natallia Rabava, Ina Ramasheuskaya, and Kataryna Wolczuk<\/em><\/p>\n<hr \/>\n<h3><strong>Working Paper No.11 (2018)<\/strong><\/h3>\n<h4 style=\"padding-left: 30px;\"><strong><a href=\"http:\/\/eu-strat.eu\/wp-content\/uploads\/2018\/06\/EU-STRAT-Working-Paper-No.11.pdf\">Varieties of Social Orders: The political and economic fundamentals of hybrid (in)stability in the post-Soviet space<\/a><\/strong><\/h4>\n<p><strong>Authors:<br \/>\n<\/strong><em>Esther Ademmer, Julia Langbein and Tanja A. B\u00f6rzel<\/em><\/p>\n<hr \/>\n<h3>Working Paper No.10 (2018) \/ <strong>\u0420\u0430\u0431\u043e\u0447\u0438\u0439 \u0434\u043e\u043a\u043b\u0430\u0434\u00a0 \u2116 10 (2018)<\/strong><\/h3>\n<p><em><strong>(Availible in <span style=\"color: #ff0000;\">ENGLISH &amp; RUSSIAN<\/span>)\u00a0 \/ <\/strong><\/em><em><strong>(\u0414\u043e\u0441\u0442\u0443\u043f\u0435\u043d \u043d\u0430 <span style=\"color: #ff0000;\">\u0410\u041d\u0413\u041b\u0418\u0419\u0421\u041a\u041e\u041c \u0438 \u0420\u0423\u0421\u0421\u041a\u041e\u041c<\/span>)<\/strong><\/em><\/p>\n<h4 style=\"padding-left: 40px;\"><strong>EN: <a href=\"http:\/\/eu-strat.eu\/wp-content\/uploads\/2018\/04\/EU-STRAT-Working-Paper-No.10.pdf\">Interdependencies of Eastern Partnership Countries with the EU and Russia: Three Case Studies.<\/a><\/strong><\/h4>\n<h4 style=\"padding-left: 40px;\"><strong>RU: <a href=\"http:\/\/eu-strat.eu\/wp-content\/uploads\/2019\/03\/EU-STRAT-%D0%A0%D0%B0%D0%B1%D0%BE%D1%87%D0%B8%D0%B9-%D0%B4%D0%BE%D0%BA%D0%BB%D0%B0%D0%B4-%E2%84%9610.pdf\">\u0412\u0437\u0430\u0438\u043c\u043e\u0437\u0430\u0432\u0438\u0441\u0438\u043c\u043e\u0441\u0442\u0438 \u0441\u0442\u0440\u0430\u043d \u00ab\u0412\u043e\u0441\u0442\u043e\u0447\u043d\u043e\u0433\u043e \u043f\u0430\u0440\u0442\u043d\u0435\u0440\u0441\u0442\u0432\u0430\u00bb \u0441 \u0415\u0421 \u0438 \u0420\u043e\u0441\u0441\u0438\u0435\u0439: \u0430\u043d\u0430\u043b\u0438\u0437 \u0442\u0440\u0435\u0445 \u0441\u0442\u0440\u0430\u043d<\/a><\/strong><\/h4>\n<p><strong><br \/>\nAuthors:<br \/>\n<\/strong><em>Kamil Ca\u0142us, Laure Delcour, Ildar Gazizullin, Tadeusz Iwa\u0144ski, Marta Jaroszewicz, and Kamil Klysi\u0144ski<\/em><\/p>\n<p><strong>\u0410\u0432\u0442\u043e\u0440\u044b:<br \/>\n<\/strong><em>\u041a\u0430\u043c\u0438\u043b\u044c \u0426\u0430\u043b\u0443\u0441, \u041b\u043e\u0440 \u0414\u0435\u043b\u044c\u043a\u0443\u0440, \u0418\u043b\u044c\u0434\u0430\u0440 \u0413\u0430\u0437\u0438\u0437\u0443\u043b\u043b\u0438\u043d, \u0422\u0430\u0434\u0435\u0443\u0448 \u0418\u0432\u0430\u043d\u044c\u0441\u043a\u0438, \u041c\u0430\u0440\u0442\u0430 \u042f\u0440\u043e\u0448\u0435\u0432\u0438\u0447, \u041a\u0430\u043c\u0438\u043b\u044c \u041a\u043b\u044b\u0441\u0438\u043d\u044c\u0441\u043a\u0438<\/em><\/p>\n<hr \/>\n<h3>Working Paper No.9 (2018) \/ <strong>\u0420\u0430\u0431\u043e\u0447\u0438\u0439 \u0434\u043e\u043a\u043b\u0430\u0434\u00a0 \u2116 9 (2018)<\/strong><\/h3>\n<p><em><strong>(Availible in <span style=\"color: #ff0000;\">ENGLISH &amp; RUSSIAN<\/span>)\u00a0 \/ <\/strong><\/em><em><strong>(\u0414\u043e\u0441\u0442\u0443\u043f\u0435\u043d \u043d\u0430 <span style=\"color: #ff0000;\">\u0410\u041d\u0413\u041b\u0418\u0419\u0421\u041a\u041e\u041c \u0438 \u0420\u0423\u0421\u0421\u041a\u041e\u041c<\/span>)<\/strong><\/em><\/p>\n<h4 style=\"padding-left: 40px;\"><strong>EN:<a href=\"http:\/\/eu-strat.eu\/wp-content\/uploads\/2018\/04\/EU-STRAT-Working-Paper-No.-9.pdf\"> What Kinds of Messages Can Influence Citizen Support for Closer Cooperation with the European Union? Evidence from the EU\u2019s Eastern Neighbourhood.<\/a><\/strong><\/h4>\n<h4 style=\"padding-left: 40px;\">RU: <a href=\"http:\/\/eu-strat.eu\/wp-content\/uploads\/2019\/05\/EU-STRAT-Working-Paper-No.-9_RU-1.pdf\"><strong>\u041a\u0430\u043a\u043e\u0433\u043e \u0440\u043e\u0434\u0430 \u043f\u043e\u0441\u043b\u0430\u043d\u0438\u044f \u043c\u043e\u0433\u0443\u0442 \u0443\u0441\u0438\u043b\u0438\u0442\u044c \u043f\u043e\u0434\u0434\u0435\u0440\u0436\u043a\u0443 \u0433\u0440\u0430\u0436\u0434\u0430\u043d\u0430\u043c\u0438 \u0431\u043e\u043b\u0435\u0435 \u0442\u0435\u0441\u043d\u043e\u0433\u043e \u0441\u043e\u0442\u0440\u0443\u0434\u043d\u0438\u0447\u0435\u0441\u0442\u0432\u0430 \u0441 \u0415\u0432\u0440\u043e\u043f\u0435\u0439\u0441\u043a\u0438\u043c \u0421\u043e\u044e\u0437\u043e\u043c? <\/strong><\/a><\/h4>\n<p><strong>Authors:<br \/>\n<\/strong><em>Dimiter Toshkov, Honorata Mazepus, and Antoaneta Dimitrova<\/em><\/p>\n<p><strong>\u0410\u0432\u0442\u043e\u0440\u044b:<br \/>\n<\/strong><em>\u0414\u0438\u043c\u0438\u0442\u0435\u0440 \u0422\u043e\u0448\u043a\u043e\u0432, \u0413\u043e\u043d\u043e\u0440\u0430\u0442\u0430 \u041c\u0430\u0437\u0435\u043f\u0443\u0441 \u0438 \u0410\u043d\u0442\u043e\u0430\u043d\u0435\u0442\u0430 \u0414\u0438\u043c\u0438\u0442\u0440\u043e\u0432\u0430 <\/em><\/p>\n<hr \/>\n<h3>Working Paper No.8 (2018)<\/h3>\n<h4 style=\"padding-left: 30px;\"><strong><a href=\"http:\/\/eu-strat.eu\/wp-content\/uploads\/2018\/03\/EU-STRAT-Working-Paper-No.8.pdf\">How Bilateral, Regional and International Regimes Shape the Extent, Significance and Nature of Interdependencies<\/a><\/strong><\/h4>\n<p><strong>Authors:<\/strong><br \/>\n<em>Rilka Dragneva, Laure Delcour, Marta Jaroszewicz, Szymon Karda\u015b, and Carolina Ungureanu<\/em><\/p>\n<hr \/>\n<h3>Working Paper No.7 (2017)<\/h3>\n<h4 style=\"padding-left: 30px;\"><a href=\"http:\/\/eu-strat.eu\/wp-content\/uploads\/2018\/01\/EU-STRAT-Working-Paper-No.7.pdf\">Assessing Legal and Political Compatibility between the European Union Engagement Strategies and Membership of the Eurasian Economic Union<\/a><\/h4>\n<p><strong>Authors:<\/strong><br \/>\n<em>Rilka Dragneva, Laure Delcour and Laurynas Jonavicius<\/em><\/p>\n<hr \/>\n<h3>Working Paper No.6 (2017)<\/h3>\n<h4 style=\"padding-left: 30px;\"><a href=\"http:\/\/eu-strat.eu\/wp-content\/uploads\/2017\/09\/EU-STRAT-Working-Paper-No.-6.pdf\">The Association Agreements as a Dynamic Framework: Between Modernization and Integration<\/a><\/h4>\n<p style=\"text-align: right;\"><strong>Authors:<\/strong><br \/>\n<em>Kataryna Wolczuk, Laure Delcour, Rilka Dragneva, Klaudijus Maniokas, Darius \u017deruolis<\/em><\/p>\n<p style=\"text-align: left;\"><strong>Watch a short video summary of this paper:<\/strong><\/p>\n<p><iframe loading=\"lazy\" src=\"https:\/\/www.youtube.com\/embed\/bD9ledNoiXc?showinfo=0\" width=\"560\" height=\"315\" frameborder=\"0\" allowfullscreen=\"allowfullscreen\"><\/iframe><\/p>\n<hr \/>\n<h3>Working Paper No.5 (2017)\/ <strong>\u0420\u0430\u0431\u043e\u0447\u0438\u0439 \u0434\u043e\u043a\u043b\u0430\u0434\u00a0 \u2116 5 (2017)<\/strong><\/h3>\n<p><em><strong>(Availible in <span style=\"color: #ff0000;\">ENGLISH &amp; RUSSIAN<\/span>)\u00a0 \/ <\/strong><\/em><em><strong>(\u0414\u043e\u0441\u0442\u0443\u043f\u0435\u043d \u043d\u0430 <span style=\"color: #ff0000;\">\u0410\u041d\u0413\u041b\u0418\u0419\u0421\u041a\u041e\u041c \u0438 \u0420\u0423\u0421\u0421\u041a\u041e\u041c<\/span>)<\/strong><\/em><\/p>\n<h4 style=\"padding-left: 30px;\"><a href=\"http:\/\/eu-strat.eu\/wp-content\/uploads\/2017\/08\/EU-STRAT-Working-Paper-No.-5.pdf\" target=\"_blank\" rel=\"noopener noreferrer\">The Effects of the EU\u2019s Scientific Cooperation Programmes on the Eastern Partnership Countries: Scientific Output and Broader Societal Impact<\/a><\/h4>\n<h4 style=\"padding-left: 30px;\"><a href=\"http:\/\/eu-strat.eu\/wp-content\/uploads\/2019\/05\/EU-STRAT-Working-Paper-No.-5_RU.pdf\">\u0420\u0430\u0431\u043e\u0447\u0438\u0439 \u0434\u043e\u043a\u043b\u0430\u0434 EU-STRAT \u2116 5 (2017): \u0412\u043b\u0438\u044f\u043d\u0438\u0435 \u043f\u0440\u043e\u0433\u0440\u0430\u043c\u043c \u043d\u0430\u0443\u0447\u043d\u043e\u0433\u043e \u0441\u043e\u0442\u0440\u0443\u0434\u043d\u0438\u0447\u0435\u0441\u0442\u0432\u0430 \u0415\u0421 \u043d\u0430 \u0441\u0442\u0440\u0430\u043d\u044b \u0412\u043e\u0441\u0442\u043e\u0447\u043d\u043e\u0433\u043e \u043f\u0430\u0440\u0442\u043d\u0435\u0440\u0441\u0442\u0432\u0430: \u043d\u0430\u0443\u0447\u043d\u044b\u0439 \u0440\u0435\u0437\u0443\u043b\u044c\u0442\u0430\u0442 \u0438 \u0432\u043b\u0438\u044f\u043d\u0438\u0435 \u043d\u0430 \u043e\u0431\u0449\u0435\u0441\u0442\u0432\u043e<\/a><\/h4>\n<p style=\"text-align: right;\"><strong>Authors:<\/strong><br \/>\n<em>Honorata Mazepus, Dimiter Toshkov, Tatsiana Chulitskaya, <\/em>and<em> Ina Ramasheuskaya<\/em><\/p>\n<p style=\"text-align: right;\"><strong>\u0410\u0432\u0442\u043e\u0440\u044b:<\/strong><br \/>\n<em>\u0413\u043e\u043d\u043e\u0440\u0430\u0442\u0430 \u041c\u0430\u0437\u0435\u043f\u0443\u0441, \u0414\u0438\u043c\u0438\u0442\u0435\u0440 \u0422\u043e\u0448\u043a\u043e\u0432, \u0422\u0430\u0442\u044c\u044f\u043d\u0430 \u0427\u0443\u043b\u0438\u0446\u043a\u0430\u044f \u0438<\/em><br \/>\n<em>\u0418\u043d\u043d\u0430 \u0420\u043e\u043c\u0430\u0448\u0435\u0432\u0441\u043a\u0430\u044f<\/em><\/p>\n<p style=\"text-align: left;\"><strong>Watch a short video summary of this paper:<\/strong><\/p>\n<p><iframe loading=\"lazy\" src=\"https:\/\/www.youtube.com\/embed\/iViAKJ3Rbrw?showinfo=0\" width=\"560\" height=\"315\" frameborder=\"0\" allowfullscreen=\"allowfullscreen\"><\/iframe><\/p>\n<hr \/>\n<h3>Working Paper No.4 (2017)<\/h3>\n<h4 style=\"padding-left: 30px;\"><a href=\"http:\/\/eu-strat.eu\/wp-content\/uploads\/2017\/08\/Working-paper-no.4-D5.3-Final_v3.pdf\" target=\"_blank\" rel=\"noopener noreferrer\">The Elements of Russia\u2019s Soft Power: Channels, Tools, and Actors Promoting Russian Influence in the Eastern Partnership Countries <\/a><\/h4>\n<p style=\"text-align: right;\"><strong>Authors:<\/strong><br \/>\n<em>Antoaneta Dimitrova, Matthew Frear, Honorata Mazepus, Dimiter Toshkov,<br \/>\n<\/em><em>Maxim Boroda, Tatsiana Chulitskaya, Oleg Grytsenko,<br \/>\nIgor Munteanu, Tatiana Parvan, Ina Ramasheuskaya<\/em><\/p>\n<p style=\"text-align: left;\"><strong>Watch a short video summary of this paper:<\/strong><\/p>\n<p><iframe loading=\"lazy\" src=\"https:\/\/www.youtube.com\/embed\/9Kpo5NKg_-U?showinfo=0\" width=\"560\" height=\"315\" frameborder=\"0\" allowfullscreen=\"allowfullscreen\"><\/iframe><\/p>\n<hr \/>\n<h3>Working Paper No.3 (2017)<\/h3>\n<h4 style=\"padding-left: 30px;\"><a href=\"http:\/\/eu-strat.eu\/wp-content\/uploads\/2017\/05\/EU-STRAT-Working-Paper-No.-3.pdf\" target=\"_blank\" rel=\"noopener noreferrer\">A New Turn or More of the Same? A Structured Analysis of Recent Developments in Russian Foreign Policy Discourse<\/a><\/h4>\n<p style=\"text-align: right;\"><strong>Authors:<\/strong><br \/>\n<em>Matthew Frear <\/em>and<em> Honorata Mazepus<\/em><\/p>\n<p><strong>Watch a short video summary of this paper:<\/strong><\/p>\n<p><iframe loading=\"lazy\" src=\"https:\/\/www.youtube.com\/embed\/obstxvMOmFs?showinfo=0\" width=\"560\" height=\"315\" frameborder=\"0\" allowfullscreen=\"allowfullscreen\"><\/iframe><\/p>\n<hr \/>\n<h3>Working Paper No.2 (2017)<\/h3>\n<h4 style=\"padding-left: 30px;\"><a href=\"http:\/\/eu-strat.eu\/wp-content\/uploads\/2017\/01\/EU-STRAT-Working-Paper-No.-2.pdf\" target=\"_blank\" rel=\"noopener noreferrer\">Science Policies and International Cooperation in the Eastern Neighbourhood of the European Union: An Overview<\/a><\/h4>\n<p style=\"text-align: right;\"><strong>Authors:<\/strong><br \/>\n<em>Tatsiana Chulitskaya, Honorata Mazepus, Ina Ramasheuskaya <\/em>and<em> Dimiter Toshkov<\/em><\/p>\n<p style=\"text-align: right;\">(data files [xls]: <a href=\"http:\/\/eu-strat.eu\/wp-content\/uploads\/2017\/02\/Belarus.xls\" target=\"_blank\" rel=\"noopener noreferrer\">Belarus<\/a>, <a href=\"http:\/\/eu-strat.eu\/wp-content\/uploads\/2017\/02\/Deliverable-7.1_Moldova.xls\" target=\"_blank\" rel=\"noopener noreferrer\">Moldova<\/a>, <a href=\"http:\/\/eu-strat.eu\/wp-content\/uploads\/2017\/02\/Deliverable-7.1_Ukraine.xls\" target=\"_blank\" rel=\"noopener noreferrer\">Ukraine<\/a>)<\/p>\n<p style=\"text-align: left;\"><strong>Watch a short video summary of this paper:<\/strong><\/p>\n<p><iframe loading=\"lazy\" src=\"https:\/\/www.youtube.com\/embed\/iViAKJ3Rbrw?showinfo=0\" width=\"560\" height=\"315\" frameborder=\"0\" allowfullscreen=\"allowfullscreen\"><\/iframe><\/p>\n<hr \/>\n<h3>Working Paper No.1 (2016)<\/h3>\n<h4 style=\"padding-left: 30px;\"><a href=\"http:\/\/eu-strat.eu\/wp-content\/uploads\/2017\/04\/EU-STRAT-Working-Paper-No.-1-1.pdf\" target=\"_blank\" rel=\"noopener noreferrer\">Soft, Normative or Transformative Power: What do the EU\u2019s communications with Eastern partners reveal about its influence?<\/a><\/h4>\n<p style=\"text-align: right;\"><strong>Authors:<\/strong><br \/>\n<em>Antoaneta Dimitrova, Maxim Boroda, Tatsiana Chulitskaya,<br \/>\nVeaceslav Berbeca <\/em>and<em> Tatiana Parvan<\/em><\/p>\n<p style=\"text-align: left;\"><strong>Watch a short video summary of this paper:<\/strong><\/p>\n<p><iframe loading=\"lazy\" src=\"https:\/\/www.youtube.com\/embed\/okBr_hLESes\" width=\"560\" height=\"315\" frameborder=\"0\" allowfullscreen=\"allowfullscreen\"><\/iframe><\/p>\n<hr \/>\n<h3><\/h3>\n","protected":false},"excerpt":{"rendered":"<p>Working Paper No.18\u00a0 (2019) Political Economy of Law Harmonization in EaP Countries: Informal Adjustment of Association? Authors:\u00a0Klaudijus Maniokas, Laure Delcour, Ildar Gazizulin, Veaceslav Berbeca, Ion Muntean, and Igor Munteanu Working Paper No.17 (2019) The effects of China\u2019s economic expansion on Eastern Partnership countries Authors: Marcin Kaczmarski, Jakub Jak\u00f3bowski, and Szymon Karda\u015b Working Paper No.16 (2019)&hellip;<a href=\"http:\/\/eu-strat.eu\/?page_id=14\" class=\"more-link\">Continue reading <span class=\"screen-reader-text\">Working papers<\/span><\/a><\/p>\n","protected":false},"author":1,"featured_media":0,"parent":12,"menu_order":0,"comment_status":"closed","ping_status":"closed","template":"","meta":[],"_links":{"self":[{"href":"http:\/\/eu-strat.eu\/index.php?rest_route=\/wp\/v2\/pages\/14"}],"collection":[{"href":"http:\/\/eu-strat.eu\/index.php?rest_route=\/wp\/v2\/pages"}],"about":[{"href":"http:\/\/eu-strat.eu\/index.php?rest_route=\/wp\/v2\/types\/page"}],"author":[{"embeddable":true,"href":"http:\/\/eu-strat.eu\/index.php?rest_route=\/wp\/v2\/users\/1"}],"replies":[{"embeddable":true,"href":"http:\/\/eu-strat.eu\/index.php?rest_route=%2Fwp%2Fv2%2Fcomments&post=14"}],"version-history":[{"count":47,"href":"http:\/\/eu-strat.eu\/index.php?rest_route=\/wp\/v2\/pages\/14\/revisions"}],"predecessor-version":[{"id":1598,"href":"http:\/\/eu-strat.eu\/index.php?rest_route=\/wp\/v2\/pages\/14\/revisions\/1598"}],"up":[{"embeddable":true,"href":"http:\/\/eu-strat.eu\/index.php?rest_route=\/wp\/v2\/pages\/12"}],"wp:attachment":[{"href":"http:\/\/eu-strat.eu\/index.php?rest_route=%2Fwp%2Fv2%2Fmedia&parent=14"}],"curies":[{"name":"wp","href":"https:\/\/api.w.org\/{rel}","templated":true}]}}