{"id":1471,"date":"2019-04-26T14:21:59","date_gmt":"2019-04-26T14:21:59","guid":{"rendered":"http:\/\/eu-strat.eu\/?page_id=1471"},"modified":"2019-06-07T09:48:05","modified_gmt":"2019-06-07T09:48:05","slug":"voc-ix-how-does-turkey-impact-stability-and-change-in-its-post-soviet-neighbourhood","status":"publish","type":"page","link":"http:\/\/eu-strat.eu\/?page_id=1471","title":{"rendered":"VOC (IX) &#8211; How does Turkey impact stability and change in its post-Soviet neighbourhood?"},"content":{"rendered":"\r\n<figure class=\"wp-block-embed-youtube wp-block-embed is-type-video is-provider-youtube wp-embed-aspect-16-9 wp-has-aspect-ratio\">\r\n<div class=\"wp-block-embed__wrapper\">\r\n<p><iframe loading=\"lazy\" title=\"Online Course (IX) - How does Turkey impact stability and change in its post-Soviet neighbourhood?\" width=\"1040\" height=\"585\" src=\"https:\/\/www.youtube.com\/embed\/M-z8OabdjUY?feature=oembed\" frameborder=\"0\" allow=\"accelerometer; autoplay; clipboard-write; encrypted-media; gyroscope; picture-in-picture; web-share\" allowfullscreen><\/iframe><\/p>\r\n<\/div>\r\n<figcaption><br \/>This video is presented by Dr. Ole Frahm &amp; Dr. Katharina Hoffmann <br \/>(University of St. Gallen)<\/figcaption>\r\n<\/figure>\r\n\r\n\r\n<hr class=\"wp-block-separator\" \/>\r\n\r\n\n<h3><strong>Please select a topic: <\/strong><br><br><\/h3>\n\r\n\r\n\n<table class=\"wp-block-table is-style-stripes\"><tbody><tr><td>I    <\/td><td><a href=\"http:\/\/eu-strat.eu\/?page_id=1172\">Soft Power? How the EU communicates its policies in the Eastern neighbourhood <\/a><br><br>(<em>Professor Antoaneta Dimitrova<\/em>) <\/td><td><img decoding=\"async\" loading=\"lazy\" src=\"http:\/\/eu-strat.eu\/wp-content\/uploads\/2019\/03\/2_yt.jpg\" width=\"180\" height=\"102\"><\/td><\/tr><tr><td>II<\/td><td><a href=\"http:\/\/eu-strat.eu\/?page_id=1194\">Regional links of Eastern partnership countries with Russia and the EU <\/a><br><br>(<em>Dr. Laure Delcour<\/em>) <\/td><td><img decoding=\"async\" loading=\"lazy\" src=\"http:\/\/eu-strat.eu\/wp-content\/uploads\/2019\/03\/3_yt.jpg\" width=\"180\" height=\"102\"><\/td><\/tr><tr><td>III<\/td><td><a href=\"http:\/\/eu-strat.eu\/?page_id=1199\">State capacity and regime stability in Belarus and Ukraine<\/a><br><br>(<em>Dr. Honorata Mazepus<\/em>) <\/td><td><img decoding=\"async\" loading=\"lazy\" src=\"http:\/\/eu-strat.eu\/wp-content\/uploads\/2019\/03\/4_yt.jpg\" width=\"180\" height=\"102\"><\/td><\/tr><tr><td>IV<\/td><td><a href=\"http:\/\/eu-strat.eu\/?page_id=1202\">External Players in the Eastern Partnership: United States, Russia and China<\/a><br><br>(<em>Dr. Margarita \u0160e\u0161elgyt\u0117<\/em>) <\/td><td><img decoding=\"async\" loading=\"lazy\" src=\"http:\/\/eu-strat.eu\/wp-content\/uploads\/2019\/03\/5_yt.jpg\" width=\"180\" height=\"102\"><\/td><\/tr><tr><td>V<\/td><td><a href=\"http:\/\/eu-strat.eu\/?page_id=1206\">Engaging with the Eastern Neighbours: Enlargement, Association or Deliverables?<\/a><br><br>(<em>Dr. Matthew Frear<\/em>) <\/td><td><img decoding=\"async\" loading=\"lazy\" src=\"http:\/\/eu-strat.eu\/wp-content\/uploads\/2019\/03\/6_yt.jpg\" width=\"180\" height=\"102\"><\/td><\/tr><tr><td>VI<\/td><td><a href=\"http:\/\/eu-strat.eu\/?page_id=1208\">How does trade liberalization with the EU affect political &amp; economic opening in Ukraine? <\/a><br><br>(<em>Elyssa Shea<\/em>) <\/td><td><img decoding=\"async\" loading=\"lazy\" src=\"http:\/\/eu-strat.eu\/wp-content\/uploads\/2019\/03\/7_yt.jpg\" width=\"180\" height=\"102\"><\/td><\/tr><tr><td>VII<\/td><td><a href=\"http:\/\/eu-strat.eu\/?page_id=1210\">The Challenges of Implementing Association Agreements <\/a><br><br>(<em>Professor Rilka Dragneva<\/em>) <\/td><td><img decoding=\"async\" loading=\"lazy\" src=\"http:\/\/eu-strat.eu\/wp-content\/uploads\/2019\/03\/8_yt.jpg\" width=\"180\" height=\"102\"><\/td><\/tr><tr><td>VIII<\/td><td><a href=\"http:\/\/eu-strat.eu\/?page_id=1212\">Making Science Policy in the Eastern Partnership: Can the EU help? <\/a><br><br>(<em>Natallia Rabava<\/em>) <\/td><td><img decoding=\"async\" loading=\"lazy\" src=\"http:\/\/eu-strat.eu\/wp-content\/uploads\/2019\/03\/9_yt.jpg\" width=\"180\" height=\"102\"><\/td><\/tr><tr><td>IX<\/td><td><a href=\"http:\/\/eu-strat.eu\/?page_id=1471\">How does Turkey impact stability and change in its post-Soviet neighbourhood?<\/a><br><br>(<em>Dr. Ole Frahm &amp; Dr. Katharina Hoffmann<\/em>)<\/td><td><img decoding=\"async\" loading=\"lazy\" src=\"http:\/\/eu-strat.eu\/wp-content\/uploads\/2019\/04\/123-2.png\" width=\"180\" height=\"102\"><\/td><\/tr><\/tbody><\/table>\n\r\n\r\n\r\n<p>&nbsp;<\/p>\r\n","protected":false},"excerpt":{"rendered":"<p>&nbsp;<\/p>\n","protected":false},"author":10,"featured_media":0,"parent":20,"menu_order":0,"comment_status":"open","ping_status":"closed","template":"page_fullwidth.php","meta":[],"_links":{"self":[{"href":"http:\/\/eu-strat.eu\/index.php?rest_route=\/wp\/v2\/pages\/1471"}],"collection":[{"href":"http:\/\/eu-strat.eu\/index.php?rest_route=\/wp\/v2\/pages"}],"about":[{"href":"http:\/\/eu-strat.eu\/index.php?rest_route=\/wp\/v2\/types\/page"}],"author":[{"embeddable":true,"href":"http:\/\/eu-strat.eu\/index.php?rest_route=\/wp\/v2\/users\/10"}],"replies":[{"embeddable":true,"href":"http:\/\/eu-strat.eu\/index.php?rest_route=%2Fwp%2Fv2%2Fcomments&post=1471"}],"version-history":[{"count":5,"href":"http:\/\/eu-strat.eu\/index.php?rest_route=\/wp\/v2\/pages\/1471\/revisions"}],"predecessor-version":[{"id":1621,"href":"http:\/\/eu-strat.eu\/index.php?rest_route=\/wp\/v2\/pages\/1471\/revisions\/1621"}],"up":[{"embeddable":true,"href":"http:\/\/eu-strat.eu\/index.php?rest_route=\/wp\/v2\/pages\/20"}],"wp:attachment":[{"href":"http:\/\/eu-strat.eu\/index.php?rest_route=%2Fwp%2Fv2%2Fmedia&parent=1471"}],"curies":[{"name":"wp","href":"https:\/\/api.w.org\/{rel}","templated":true}]}}